{"id":918,"date":"2021-04-25T16:32:38","date_gmt":"2021-04-25T14:32:38","guid":{"rendered":"http:\/\/allonsvoir.eu\/?page_id=918"},"modified":"2021-05-28T22:23:11","modified_gmt":"2021-05-28T20:23:11","slug":"mentions-legales","status":"publish","type":"page","link":"https:\/\/allonsvoir.eu\/index.php\/mentions-legales\/","title":{"rendered":"Mentions l\u00e9gales"},"content":{"rendered":"\n<p><strong>Informations \u00e9diteur<\/strong><\/p>\n\n\n\n<p>Le site allons voir.eu est \u00e9dit\u00e9 par :<\/p>\n\n\n\n<p>Association Singularit\u00e9s<\/p>\n\n\n\n<p>6 route de Pierrefitte<\/p>\n\n\n\n<p>18260 Vailly sur Sauldre<\/p>\n\n\n\n<p>Adresse mail : contact&lt;@>allonsvoir.eu<\/p>\n\n\n\n<p>Siret : 843 185 935 00015  APE : 9499Z<\/p>\n\n\n\n<p><\/p>\n\n\n\n<p><strong>R\u00e9alisation<\/strong><\/p>\n\n\n\n<p>Association Singularit\u00e9s<\/p>\n\n\n\n<p>sur <a href=\"https:\/\/wordpress.com\/fr\/\">WordPress<\/a><\/p>\n\n\n\n<p><strong>H\u00e9bergement<\/strong><\/p>\n\n\n\n<p><a href=\"https:\/\/www.ovh.com\/fr\/\">OVH<\/a><\/p>\n\n\n\n<p>2 rue Kellermann &#8211; 59100 Roubaix &#8211; France<\/p>\n\n\n\n<p>Tel: +33 (0) 9 72 10 10 07<\/p>\n\n\n\n<p><strong>Propri\u00e9t\u00e9 intellectuelle<\/strong><\/p>\n\n\n\n<p>Conform\u00e9ment au code de la Propri\u00e9t\u00e9 Intellectuelle et plus g\u00e9n\u00e9ralement \u00e0 tous les accords comportant des dispositions relatives au droit d&rsquo;auteur, la reproduction partielle ou totale de textes, d&rsquo;images ou d&rsquo;illustrations non destin\u00e9es explicitement \u00e0 \u00eatre t\u00e9l\u00e9charg\u00e9es par les visiteurs, sont interdites sans autorisation pr\u00e9alable de l&rsquo;\u00e9diteur ou de tout ayant-droit.<\/p>\n\n\n\n<p><strong>Donn\u00e9es personnelles \/ Donn\u00e9es entr\u00e9es par l\u2019utilisateur<\/strong><\/p>\n\n\n\n<p>Au cours de votre visite sur le site allonsvoir.eu il pourra vous \u00eatre demand\u00e9 de saisir des informations personnelles nominatives vous concernant (nom, pr\u00e9nom, e-mail, etc.). Les donn\u00e9es re\u00e7ues de votre part sont reprises dans les fichiers de allons voir (association Singularit\u00e9s) et servent uniquement \u00e0 r\u00e9pondre \u00e0 la demande d&rsquo;informations que vous avez introduite, sous r\u00e9serve des dispositions l\u00e9gales applicables et notamment de la Loi \u00a0\u00bb Informatique et Libert\u00e9s \u00a0\u00bb modifi\u00e9e par la loi du 6 ao\u00fbt 2004. Conform\u00e9ment \u00e0 l&rsquo;article 39 de la Loi \u00a0\u00bb Informatique et Libert\u00e9s \u00a0\u00bb n\u00b078-17 du 6 janvier 1978, vous disposez d&rsquo;un droit d&rsquo;acc\u00e8s et de rectification des donn\u00e9es vous concernant en \u00e9crivant \u00e0 l\u2019association Singularit\u00e9s, 6 route de Pierrefitte, 18 260 Vailly sur Sauldre, ou contact&lt;@>allonsvoir.eu<\/p>\n\n\n\n<p><strong>Hyperliens<\/strong><\/p>\n\n\n\n<p>Le site allonsvoir.eu peut contenir des liens hypertextes menant \u00e0 d&rsquo;autres sites Internet totalement ind\u00e9pendants du site allonsvoir.eu.&nbsp;<\/p>\n\n\n\n<p>L\u2019association Singularit\u00e9s ne suppose aucunement, ni ne garantit que les informations contenues dans de tels liens hypertextes ou dans tout autre site Internet soient exactes, compl\u00e8tes ou v\u00e9ridiques. D\u00e8s lors, tout acc\u00e8s \u00e0 un autre site Internet li\u00e9 au site allonsvoir.eu s\u2019effectue sous la propre responsabilit\u00e9, pleine et enti\u00e8re, de l\u2019utilisateur.<\/p>\n\n\n\n<p><strong>Responsabilit\u00e9s<\/strong><\/p>\n\n\n\n<p>L&rsquo;utilisation des informations contenues sur le pr\u00e9sent site rel\u00e8ve de la seule responsabilit\u00e9 de son utilisateur.<\/p>\n\n\n\n<p>Toutes les ressources contenues dans ce site, textes, visuels et illustrations (sch\u00e9mas, dessins, plans, photographies et animations informatiques) sont communiqu\u00e9s \u00e0 titre purement informatif et ne peuvent en rien engager la responsabilit\u00e9 de l&rsquo;\u00e9diteur.<\/p>\n\n\n\n<p>En effet, malgr\u00e9 le souhait de l&rsquo;\u00e9diteur d\u2019apporter les informations les plus exactes possibles et d\u2019assurer une mise \u00e0 jour r\u00e9guli\u00e8re du site Internet, celui\u2013ci n\u2019est pas responsable d\u2019impr\u00e9cisions, d\u2019inexactitudes, d\u2019erreurs ou de possibles omissions portant sur des informations contenues sur le site ni des r\u00e9sultats obtenus par l\u2019utilisation et la pratique des informations d\u00e9livr\u00e9es sur ce support de communication.<\/p>\n\n\n\n<p><strong>Exercice du droit d&rsquo;acc\u00e8s<\/strong><\/p>\n\n\n\n<p>Conform\u00e9ment \u00e0 l\u2019article 34 de la loi \u00ab\u00a0Informatique et Libert\u00e9s\u00a0\u00bb, vous disposez d\u2019un droit d&rsquo;acc\u00e8s, de modification, de rectification et de suppression des donn\u00e9es vous concernant. Pour exercer ce droit d&rsquo;acc\u00e8s, adressez vous \u00e0 : contact&lt;@>allonsvoir.eu<\/p>\n\n\n\n<p>Pour plus d\u2019informations sur la loi \u00ab Informatique et Libert\u00e9s \u00bb, vous pouvez consulter le site Internet de la <a href=\"https:\/\/www.cnil.fr\">CNIL<\/a>.<\/p>\n\n\n\n<p>Consultez notre Politique de confidentialit\u00e9.<\/p>\n","protected":false},"excerpt":{"rendered":"<p>Informations \u00e9diteur Le site allons voir.eu est \u00e9dit\u00e9 par : Association Singularit\u00e9s 6 route de Pierrefitte 18260 Vailly sur Sauldre Adresse mail : contact&lt;@>allonsvoir.eu Siret : 843 185 935 00015 APE : 9499Z R\u00e9alisation Association Singularit\u00e9s sur WordPress H\u00e9bergement OVH 2 rue Kellermann &#8211; 59100 Roubaix &#8211; France Tel: +33 (0) 9 72 10 10 &hellip; <a href=\"https:\/\/allonsvoir.eu\/index.php\/mentions-legales\/\" class=\"more-link\">Continuer la lecture<span class=\"screen-reader-text\"> de &laquo;&nbsp;Mentions l\u00e9gales&nbsp;&raquo;<\/span><\/a><\/p>\n","protected":false},"author":1,"featured_media":0,"parent":0,"menu_order":0,"comment_status":"closed","ping_status":"closed","template":"","meta":{"footnotes":""},"class_list":["post-918","page","type-page","status-publish","hentry"],"_links":{"self":[{"href":"https:\/\/allonsvoir.eu\/index.php\/wp-json\/wp\/v2\/pages\/918","targetHints":{"allow":["GET"]}}],"collection":[{"href":"https:\/\/allonsvoir.eu\/index.php\/wp-json\/wp\/v2\/pages"}],"about":[{"href":"https:\/\/allonsvoir.eu\/index.php\/wp-json\/wp\/v2\/types\/page"}],"author":[{"embeddable":true,"href":"https:\/\/allonsvoir.eu\/index.php\/wp-json\/wp\/v2\/users\/1"}],"replies":[{"embeddable":true,"href":"https:\/\/allonsvoir.eu\/index.php\/wp-json\/wp\/v2\/comments?post=918"}],"version-history":[{"count":2,"href":"https:\/\/allonsvoir.eu\/index.php\/wp-json\/wp\/v2\/pages\/918\/revisions"}],"predecessor-version":[{"id":954,"href":"https:\/\/allonsvoir.eu\/index.php\/wp-json\/wp\/v2\/pages\/918\/revisions\/954"}],"wp:attachment":[{"href":"https:\/\/allonsvoir.eu\/index.php\/wp-json\/wp\/v2\/media?parent=918"}],"curies":[{"name":"wp","href":"https:\/\/api.w.org\/{rel}","templated":true}]}}