{"id":54,"date":"2018-12-25T15:27:52","date_gmt":"2018-12-25T14:27:52","guid":{"rendered":"http:\/\/allonsvoir.eu\/?page_id=54"},"modified":"2025-06-29T17:38:49","modified_gmt":"2025-06-29T15:38:49","slug":"accueil","status":"publish","type":"page","link":"https:\/\/allonsvoir.eu\/","title":{"rendered":"Accueil"},"content":{"rendered":"<div class=\"wp-block-image\">\n<figure class=\"aligncenter size-large\"><img loading=\"lazy\" decoding=\"async\" width=\"1024\" height=\"603\" src=\"https:\/\/allonsvoir.eu\/wp-content\/uploads\/2024\/03\/en-tete_AV_bleu_italique-3def-1024x603.jpg\" alt=\"\" class=\"wp-image-1452\" srcset=\"https:\/\/allonsvoir.eu\/wp-content\/uploads\/2024\/03\/en-tete_AV_bleu_italique-3def-1024x603.jpg 1024w, https:\/\/allonsvoir.eu\/wp-content\/uploads\/2024\/03\/en-tete_AV_bleu_italique-3def-300x177.jpg 300w, https:\/\/allonsvoir.eu\/wp-content\/uploads\/2024\/03\/en-tete_AV_bleu_italique-3def-768x452.jpg 768w, https:\/\/allonsvoir.eu\/wp-content\/uploads\/2024\/03\/en-tete_AV_bleu_italique-3def.jpg 1080w\" sizes=\"auto, (max-width: 709px) 85vw, (max-width: 909px) 67vw, (max-width: 1362px) 62vw, 840px\" \/><\/figure>\n<\/div>\n\n\n<p class=\"has-text-align-center\"><strong>Parcours d&rsquo;art contemporain en Pays Fort <\/strong><\/p>\n\n\n\n<h2 class=\"wp-block-heading has-text-align-center\"><strong>7\u00e8me \u00e9dition<\/strong><\/h2>\n\n\n\n<p class=\"has-text-align-center\"><strong><em>Ce que nous dit la brume<\/em><\/strong><\/p>\n\n\n\n<p>5 juillet &#8211; 5 octobre 2025<\/p>\n\n\n\n<p>Entr\u00e9e libre de 10h \u00e0 18h sur tous les sites <\/p>\n\n\n\n<p><\/p>\n\n\n\n<p>Commissariat artistique : \u00c9milie d&rsquo;Ornano<\/p>\n\n\n\n<p><strong>avec :<\/strong>&nbsp;<\/p>\n\n\n\n<ul class=\"wp-block-list\">\n<li>Emilie Breux<\/li>\n\n\n\n<li>Jeanne Chopy<\/li>\n\n\n\n<li>C\u00e9dric Esturillo<\/li>\n\n\n\n<li>Aurore Caroline Marty<\/li>\n\n\n\n<li>Lucas Zambon<\/li>\n\n\n\n<li>et la participation de deux jeunes dipl\u00f4m\u00e9es de l\u2019<a href=\"https:\/\/www.ensa-bourges.fr\/index.php\/fr\/\">ENSA Bourges<\/a> : <\/li>\n\n\n\n<li>Xiyu Huang<\/li>\n\n\n\n<li>Juliette F\u00e9rey<\/li>\n<\/ul>\n\n\n\n<p>Lieux d&rsquo;intervention :<\/p>\n\n\n\n<p>Assigny : Le Fa\u00eet des Marnes (oeuvre 2024) et Grange Pyramidale du Joliveau<\/p>\n\n\n\n<p>Barlieu : Silos de Badineau (oeuvre 2022) et lavoir<\/p>\n\n\n\n<p>Concressault : Le Moulin Riche et lavoir<\/p>\n\n\n\n<p>Subligny : Moulin de Tirepeine<\/p>\n\n\n\n<p>Thou : lavoir (oeuvre 2023)<\/p>\n\n\n\n<p>Vailly-sur-Sauldre : Grange pyramidale et boutique en centre ville<\/p>\n\n\n\n<p><\/p>\n\n\n<div class=\"wp-block-image\">\n<figure class=\"aligncenter size-full\"><img loading=\"lazy\" decoding=\"async\" width=\"2560\" height=\"1440\" src=\"https:\/\/allonsvoir.eu\/wp-content\/uploads\/2022\/12\/silos-drone-scaled.jpg\" alt=\"\" class=\"wp-image-1245\" srcset=\"https:\/\/allonsvoir.eu\/wp-content\/uploads\/2022\/12\/silos-drone-scaled.jpg 2560w, https:\/\/allonsvoir.eu\/wp-content\/uploads\/2022\/12\/silos-drone-300x169.jpg 300w, https:\/\/allonsvoir.eu\/wp-content\/uploads\/2022\/12\/silos-drone-1024x576.jpg 1024w, https:\/\/allonsvoir.eu\/wp-content\/uploads\/2022\/12\/silos-drone-768x432.jpg 768w, https:\/\/allonsvoir.eu\/wp-content\/uploads\/2022\/12\/silos-drone-1536x864.jpg 1536w, https:\/\/allonsvoir.eu\/wp-content\/uploads\/2022\/12\/silos-drone-2048x1152.jpg 2048w, https:\/\/allonsvoir.eu\/wp-content\/uploads\/2022\/12\/silos-drone-1200x675.jpg 1200w\" sizes=\"auto, (max-width: 709px) 85vw, (max-width: 909px) 67vw, (max-width: 1362px) 62vw, 840px\" \/><figcaption class=\"wp-element-caption\"><strong>Polyrythmie<\/strong>, oeuvre p\u00e9renne de Claude Pasquer sur les silos de Badineau \u00e0 Barlieu, \u00ab\u00a0allons voir !\u00a0\u00bb 2022<\/figcaption><\/figure>\n<\/div>\n\n\n<p><strong>Vernissage&nbsp;<\/strong> le samedi 5 juillet \u00e0 16h au Moulin Riche (Concressault), suivi d&rsquo;une visite des expositions en pr\u00e9sence des artistes (17h30-19h30)<\/p>\n\n\n\n<p><strong>Visite comment\u00e9e<\/strong> : date \u00e0 pr\u00e9ciser<\/p>\n\n\n\n<p><strong>Ateliers scolaires :<\/strong> 30 septembre &#8211; 3 octobre, en collaboration avec Ar(t)chipel et la r\u00e9gion Centre Val de Loire<\/p>\n\n\n\n<p><strong>Atelier mission locale :<\/strong> les 8-9 et 11 juillet, anim\u00e9 par Lucas Zambon<\/p>\n\n\n\n<p class=\"has-text-align-center\">*****<\/p>\n\n\n\n<p><\/p>\n\n\n\n<p>Le parcours <strong><em>allons voir !<\/em><\/strong> est organis\u00e9 chaque ann\u00e9e avec un commissariat renouvel\u00e9, pour assurer la diversit\u00e9 des propositions et approches artistiques. La commissaire pour cette septi\u00e8me \u00e9dition (5 juillet -5 octobre 2025) est <a href=\"https:\/\/www.emiliedornano.com\/\">\u00c9milie d&rsquo;Ornano<\/a>.<br><\/p>\n\n\n\n<p>Se d\u00e9veloppant sur plusieurs communes du Pays-Fort (nord du Cher), ce projet vise \u00e0 valoriser le territoire par un dialogue entre des artistes et des sites repr\u00e9sentatifs de la vie de nos campagnes. Les lieux investis peuvent \u00eatre patrimoniaux comme d\u2019anciens lavoirs ou les granges pyramidales du XVI\u00e8me- XVII\u00e8me si\u00e8cle embl\u00e9matiques de la r\u00e9gion, ou encore contemporains, comme des silos, mais tous \u00e9voquent les activit\u00e9s du monde rural.<br><\/p>\n\n\n\n<p>Les artistes participants sont invit\u00e9s \u00e0 intervenir en r\u00e9action aux lieux investis sous forme de cr\u00e9ations in situ, qui permettent de les d\u00e9couvrir sous un nouveau regard. Le projet s&rsquo;efforce maintenant de cr\u00e9er chaque ann\u00e9e une oeuvre p\u00e9renne au sein du parcours afin d\u2019enrichir le circuit et lui permettre ensuite d&rsquo;\u00eatre suivi tout au long de l&rsquo;ann\u00e9e.<br><br>Les expositions sont en entr\u00e9e libre pour tous sur tous le sites, chaque jour de 10h \u00e0 18h afin de permettre leur accessibilit\u00e9 au plus grand nombre. Comme chaque ann\u00e9e, des visites comment\u00e9es seront organis\u00e9es. Dans le cadre d&rsquo;un partenariat avec le fesival Ar(t)chipel,  des ateliers (gratuits) seront propos\u00e9s  les \u00e9coles de Barlieu, Concressault, Subligny et Vailly pour sensibiliser le public, notamment jeune, \u00e0 la cr\u00e9ation contemporaine.<\/p>\n\n\n\n<p>L&rsquo;association travaille aussi \u00e9troitement avec l&rsquo;<a href=\"http:\/\/tourisme-sancerre.com\">office de tourisme du Grand Sancerrois <\/a>et l&rsquo;<a href=\"http:\/\/tourisme-territoiresducher.fr\">agence de d\u00e9veloppement tourisme et territoire du Cher<\/a> pour d\u00e9velopper de nouveaux flux touristiques sur le territoire. <br>L&rsquo;articulation \u00e9troite avec <a href=\"http:\/\/bit.ly\/bourgescontemporain2023\">Bourges Contemporain<\/a> permet de cr\u00e9er une dynamique territoriale autour de l&rsquo;art contemporain. Sa participation au programme des <a href=\"https:\/\/www.nouvelles-renaissances.com\">Nouvelles Renaissance(s]<\/a> en <a href=\"https:\/\/www.centre-valdeloire.fr\">R\u00e9gion Centre-Val de Loire<\/a> l&rsquo;ins\u00e8re dans la dynamique culturelle de la r\u00e9gion. Et bien s\u00fbr allons voir ! soutient <a href=\"https:\/\/bourges2028.org\">Bourges capitale europ\u00e9enne de la culture 2028<\/a><\/p>\n\n\n\n<p>Par ailleurs cette manifestation ne pourrait voir le jour sans la collaboration des propri\u00e9taires, exploitants, artisans et entrepreneurs locaux qui mettent leurs locaux \u00e0 disposition et nous aident pour l&rsquo;h\u00e9bergement des artistes ou le montage des expositions, que nous tenons \u00e0 remercier. <\/p>\n\n\n\n<figure class=\"wp-block-image size-full\"><img loading=\"lazy\" decoding=\"async\" width=\"640\" height=\"427\" src=\"https:\/\/allonsvoir.eu\/wp-content\/uploads\/2024\/01\/DSC_0220.jpeg\" alt=\"\" class=\"wp-image-1405\" srcset=\"https:\/\/allonsvoir.eu\/wp-content\/uploads\/2024\/01\/DSC_0220.jpeg 640w, https:\/\/allonsvoir.eu\/wp-content\/uploads\/2024\/01\/DSC_0220-300x200.jpeg 300w\" sizes=\"auto, (max-width: 640px) 85vw, 640px\" \/><figcaption class=\"wp-element-caption\">visite des expositions avec le centre de loisirs dans le cadre d&rsquo;un atelier \u00ab\u00a0\u00e9t\u00e9 culturel\u00a0\u00bb<\/figcaption><\/figure>\n\n\n\n<p><strong><em>allons voir !<\/em> est organis\u00e9 avec le soutien de:<\/strong><\/p>\n\n\n\n<ul class=\"wp-block-list\">\n<li><a href=\"https:\/\/www.culture.gouv.fr\/Regions\/Drac-Centre-Val-de-Loire\">Minist\u00e8re de la Culture &#8211; DRAC Centre-Val de Loire<\/a><\/li>\n\n\n\n<li><a href=\"https:\/\/www.centre-valdeloire.fr\/le-guide-des-aides-de-la-region-centre-val-de-loire\/soutien-aux-projets-artistiques-et-culturels-de\">R\u00e9gion Centre-Val de Loire &#8211; PACT<\/a><\/li>\n\n\n\n<li><a href=\"https:\/\/www.departement18.fr\">Conseil d\u00e9partemental du Cher<\/a><\/li>\n\n\n\n<li><a href=\"https:\/\/www.comcompsv.fr\">Communaut\u00e9 de communes Pays Fort &#8211; Sancerrois &#8211; Val de Loire<\/a><\/li>\n\n\n\n<li>Communes de : Assigny, Barlieu, Concressault, Dampierre-en-Crot, Subligny, Vailly-sur-Sauldre<\/li>\n<\/ul>\n\n\n\n<p><strong>Avec le m\u00e9c\u00e9nat de :<\/strong><\/p>\n\n\n\n<ul class=\"wp-block-list\">\n<li><a href=\"http:\/\/martignonsas.com\">Martignon SAS<\/a><\/li>\n<\/ul>\n\n\n\n<p><strong>Avec le partenariat de :<\/strong><\/p>\n\n\n\n<ul class=\"wp-block-list\">\n<li><a href=\"https:\/\/www.ensa-bourges.fr\/index.php\/fr\/\">ENSA Bourge<\/a>s<\/li>\n<\/ul>\n\n\n\n<p><strong>Et la collaboration de :<\/strong><\/p>\n\n\n\n<ul class=\"wp-block-list\">\n<li><a href=\"https:\/\/www.tourisme-territoiresducher.fr\">Ad2T<\/a> (Agence de d\u00e9veloppement du tourisme et des territoires du Cher)<\/li>\n\n\n\n<li><a href=\"https:\/\/www.tourisme-sancerre.com\">Office de Tourisme du Grand Sancerrois<\/a><\/li>\n\n\n\n<li><a href=\"https:\/\/www.tourisme-sancerre.com\/hebergement-locatif\/gite-du-joliveau-assigny\/\">G\u00eete du Joliveau<\/a><\/li>\n\n\n\n<li><a href=\"https:\/\/www.my-loire-valley.com\/week-end-equitation-moulin-de-tirepeine\/\" data-type=\"link\" data-id=\"https:\/\/www.my-loire-valley.com\/week-end-equitation-moulin-de-tirepeine\/\">Moulin de Tirepeine<\/a><\/li>\n\n\n\n<li><a href=\"https:\/\/www.instagram.com\/vin_joseph_de_maistre\/\" data-type=\"link\" data-id=\"https:\/\/www.instagram.com\/vin_joseph_de_maistre\/\">Domaine Joseph de Maistre<\/a><\/li>\n\n\n\n<li><a href=\"https:\/\/www.cotemosaique.com\/\" data-type=\"link\" data-id=\"https:\/\/www.cotemosaique.com\/\">c\u00f4t\u00e9 mosa\u00efque<\/a><\/li>\n<\/ul>\n\n\n\n<p><\/p>\n\n\n\n<p>L&rsquo;association <strong><em>allons voir !<\/em><\/strong> <strong>Parcours d&rsquo;art contemporain<\/strong> est membre de <a href=\"https:\/\/devenir.art\">devenir.art<\/a>, r\u00e9seau des arts visuels en R\u00e9gion Centre-Val de Loire.<\/p>\n\n\n\n<figure class=\"wp-block-image size-large\"><img loading=\"lazy\" decoding=\"async\" width=\"1024\" height=\"768\" src=\"https:\/\/allonsvoir.eu\/wp-content\/uploads\/2023\/06\/BD1-BASSE-1024x768.jpg\" alt=\"\" class=\"wp-image-1349\" srcset=\"https:\/\/allonsvoir.eu\/wp-content\/uploads\/2023\/06\/BD1-BASSE-1024x768.jpg 1024w, https:\/\/allonsvoir.eu\/wp-content\/uploads\/2023\/06\/BD1-BASSE-300x225.jpg 300w, https:\/\/allonsvoir.eu\/wp-content\/uploads\/2023\/06\/BD1-BASSE-768x576.jpg 768w, https:\/\/allonsvoir.eu\/wp-content\/uploads\/2023\/06\/BD1-BASSE-1536x1152.jpg 1536w, https:\/\/allonsvoir.eu\/wp-content\/uploads\/2023\/06\/BD1-BASSE-2048x1536.jpg 2048w, https:\/\/allonsvoir.eu\/wp-content\/uploads\/2023\/06\/BD1-BASSE-1200x900.jpg 1200w\" sizes=\"auto, (max-width: 709px) 85vw, (max-width: 909px) 67vw, (max-width: 1362px) 62vw, 840px\" \/><figcaption class=\"wp-element-caption\">Vrai semblant, oeuvre p\u00e9renne de Baptiste Debombourg cr\u00e9\u00e9e dans le cadre de \u00ab\u00a0allons voir !\u00a0\u00bb 2023 dans le lavoir de Thou.<\/figcaption><\/figure>\n","protected":false},"excerpt":{"rendered":"<p>Parcours d&rsquo;art contemporain en Pays Fort 7\u00e8me \u00e9dition Ce que nous dit la brume 5 juillet &#8211; 5 octobre 2025 Entr\u00e9e libre de 10h \u00e0 18h sur tous les sites Commissariat artistique : \u00c9milie d&rsquo;Ornano avec :&nbsp; Lieux d&rsquo;intervention : Assigny : Le Fa\u00eet des Marnes (oeuvre 2024) et Grange Pyramidale du Joliveau Barlieu : &hellip; <a href=\"https:\/\/allonsvoir.eu\/\" class=\"more-link\">Continuer la lecture<span class=\"screen-reader-text\"> de &laquo;&nbsp;Accueil&nbsp;&raquo;<\/span><\/a><\/p>\n","protected":false},"author":1,"featured_media":0,"parent":0,"menu_order":0,"comment_status":"closed","ping_status":"closed","template":"","meta":{"footnotes":""},"class_list":["post-54","page","type-page","status-publish","hentry"],"_links":{"self":[{"href":"https:\/\/allonsvoir.eu\/index.php\/wp-json\/wp\/v2\/pages\/54","targetHints":{"allow":["GET"]}}],"collection":[{"href":"https:\/\/allonsvoir.eu\/index.php\/wp-json\/wp\/v2\/pages"}],"about":[{"href":"https:\/\/allonsvoir.eu\/index.php\/wp-json\/wp\/v2\/types\/page"}],"author":[{"embeddable":true,"href":"https:\/\/allonsvoir.eu\/index.php\/wp-json\/wp\/v2\/users\/1"}],"replies":[{"embeddable":true,"href":"https:\/\/allonsvoir.eu\/index.php\/wp-json\/wp\/v2\/comments?post=54"}],"version-history":[{"count":113,"href":"https:\/\/allonsvoir.eu\/index.php\/wp-json\/wp\/v2\/pages\/54\/revisions"}],"predecessor-version":[{"id":1644,"href":"https:\/\/allonsvoir.eu\/index.php\/wp-json\/wp\/v2\/pages\/54\/revisions\/1644"}],"wp:attachment":[{"href":"https:\/\/allonsvoir.eu\/index.php\/wp-json\/wp\/v2\/media?parent=54"}],"curies":[{"name":"wp","href":"https:\/\/api.w.org\/{rel}","templated":true}]}}